{"id":122,"date":"2023-12-26T11:52:52","date_gmt":"2023-12-26T16:52:52","guid":{"rendered":"https:\/\/gravdurance.com\/?page_id=122"},"modified":"2023-12-26T11:54:29","modified_gmt":"2023-12-26T16:54:29","slug":"a-propos","status":"publish","type":"page","link":"https:\/\/gravdurance.com\/index.php\/a-propos\/","title":{"rendered":"A PROPOS"},"content":{"rendered":"\n<p>Magazine num\u00e9rique qui traite de l&rsquo;actualit\u00e9 des v\u00e9los gravel, endurance et all-road.&nbsp;Notre magazine s&rsquo;int\u00e9resse aux v\u00e9los, \u00e9quipements, mat\u00e9riels, composants, guides d&rsquo;achat et conseils en lien avec la culture du v\u00e9lo.&nbsp; Nos diff\u00e9rentes th\u00e9matiques visent ceux qui pratiquent le gravel bike, le v\u00e9lo d&rsquo;endurance et les rides all-road sportifs et pour le plaisir.<\/p>\n","protected":false},"excerpt":{"rendered":"<p>Magazine num\u00e9rique qui traite de l&rsquo;actualit\u00e9 des v\u00e9los gravel, endurance et all-road.&nbsp;Notre magazine s&rsquo;int\u00e9resse aux v\u00e9los, \u00e9quipements, mat\u00e9riels, composants, guides d&rsquo;achat et conseils en lien avec la culture du v\u00e9lo.&nbsp; Nos diff\u00e9rentes th\u00e9matiques visent ceux qui pratiquent le gravel bike, le v\u00e9lo d&rsquo;endurance et les rides all-road sportifs et pour le plaisir.<\/p>\n","protected":false},"author":1,"featured_media":0,"parent":0,"menu_order":0,"comment_status":"closed","ping_status":"closed","template":"","meta":{"footnotes":""},"class_list":["post-122","page","type-page","status-publish","hentry"],"_links":{"self":[{"href":"https:\/\/gravdurance.com\/index.php\/wp-json\/wp\/v2\/pages\/122","targetHints":{"allow":["GET"]}}],"collection":[{"href":"https:\/\/gravdurance.com\/index.php\/wp-json\/wp\/v2\/pages"}],"about":[{"href":"https:\/\/gravdurance.com\/index.php\/wp-json\/wp\/v2\/types\/page"}],"author":[{"embeddable":true,"href":"https:\/\/gravdurance.com\/index.php\/wp-json\/wp\/v2\/users\/1"}],"replies":[{"embeddable":true,"href":"https:\/\/gravdurance.com\/index.php\/wp-json\/wp\/v2\/comments?post=122"}],"version-history":[{"count":2,"href":"https:\/\/gravdurance.com\/index.php\/wp-json\/wp\/v2\/pages\/122\/revisions"}],"predecessor-version":[{"id":125,"href":"https:\/\/gravdurance.com\/index.php\/wp-json\/wp\/v2\/pages\/122\/revisions\/125"}],"wp:attachment":[{"href":"https:\/\/gravdurance.com\/index.php\/wp-json\/wp\/v2\/media?parent=122"}],"curies":[{"name":"wp","href":"https:\/\/api.w.org\/{rel}","templated":true}]}}